{"id":56,"date":"2017-04-27T09:51:48","date_gmt":"2017-04-27T07:51:48","guid":{"rendered":"http:\/\/wp12645693.server-he.de\/www\/strandhaeuser-scheibner.de\/?page_id=56"},"modified":"2018-05-25T08:50:25","modified_gmt":"2018-05-25T06:50:25","slug":"anreise","status":"publish","type":"page","link":"https:\/\/www.strandhaeuser-scheibner.de\/ferienhaus-ostsee-ruegen-strand\/anreise\/","title":{"rendered":"Anreise"},"content":{"rendered":"<div class=\"largediv\">\n<p class=\"intro\">Baabe befindet sich auf Deutschlands gr\u00f6\u00dfter Insel, der Insel R\u00fcgen und liegt zwischen den Orten Binz und G\u00f6hren.<br \/>\nDamit Sie auch auf schnellstem Wege zu uns gelangen, geben wir Ihnen hier eine kurze Wegbeschreibung, die Sie direkt zu uns f\u00fchrt.<\/p>\n<\/div>\n<div class=\"leftdiv\"><iframe loading=\"lazy\" class=\"maps\" style=\"border: 0;\" src=\"https:\/\/www.google.com\/maps\/embed?pb=!1m18!1m12!1m3!1d1162.48138460629!2d13.719917809134856!3d54.357638897378344!2m3!1f0!2f0!3f0!3m2!1i1024!2i768!4f13.1!3m3!1m2!1s0x47ab3df68f06c50f%3A0x268595c16f2d4b47!2sD%C3%BCnenweg%2C+18586+Baabe!5e0!3m2!1sde!2sde!4v1494598723407\" width=\"800\" height=\"600\" frameborder=\"0\" allowfullscreen=\"allowfullscreen\"><\/iframe><\/div>\n<div class=\"rightdiv\">\n<h1 class=\"mainh\">Anreise mit dem PKW<\/h1>\n<p>Die Adresse f\u00fcr Ihr Navigationsger\u00e4t: Baabe, D\u00fcnenweg, keine Hausnummer<\/p>\n<p>Von Stralsund aus fahren Sie \u00fcber den R\u00fcgendamm und bleiben auf der B96 bis kurz vor Bergen. Dort biegen Sie nach rechts auf die B196 Richtung Binz, Sellin und G\u00f6hren ab. Sie bleiben bis Baabe auf der B196.<\/p>\n<p>Interessant ist auch die Alleenstra\u00dfe \u00fcber Garz und Putbus. Hierzu biegen Sie unmittelbar nach dem R\u00fcgendamm nach rechts ab. Diese Strecke ist landschaftlich sehr reizvoll, man trifft aber auch teilweise noch die urspr\u00fcngliche grobe Pflasterung an.<\/p>\n<p>Im Ort Baabe \u00fcberqueren Sie die Schmalspurbahn. Danach biegen Sie an der 1. M\u00f6glichkeit nach links ab in die Strandstra\u00dfe und fahren diese bis zum Ende. Hier biegen Sie rechts in den D\u00fcnenweg ein und fahren bis zur automatischen Schranke der Ferienhausanlage (ca.200m). Suchen Sie einen Parkplatz und setzen sich mit dem Schl\u00fcsselhalter in Verbindung. Er \u00fcberreicht Ihnen auch die Chipkarte f\u00fcr die automatische Schranke.<\/p>\n<h1 class=\"mainh\">Anfahrt mit der Bahn<\/h1>\n<p>Mit der Deutschen Bahn geht die Reise bis in Ostseebad Binz. Von dort bringt sie der <a class=\"exlinks\" href=\"http:\/\/www.ruegensche-baederbahn.de\/\"><strong>&#8222;Rasende Roland&#8220;<\/strong><\/a>, R\u00fcgens Schmalspurbahn, direkt ins Ostseebad Baabe. Vom Bahnhof erreichen Sie Ihr Ferienhaus innerhalb von 10min zu Fuss, gehen Sie einfach die Strandstra\u00dfe bis zum Ende, dann nach rechts in den D\u00fcnenweg.<\/p>\n<p>F\u00fcr Ihre Reiseplanung mit der Deutschen Bahn benutzen Sie einfach diesen <a class=\"exlinks\" href=\"http:\/\/reiseauskunft.bahn.de\/bin\/query.exe\/d\" target=\"_blank\" rel=\"noopener noreferrer\"><strong>Link<\/strong>.<\/a><\/p>\n<\/div>\n","protected":false},"excerpt":{"rendered":"<p>Baabe befindet sich auf Deutschlands gr\u00f6\u00dfter Insel, der Insel R\u00fcgen und liegt zwischen den Orten Binz und G\u00f6hren. Damit Sie auch auf schnellstem Wege zu uns gelangen, geben wir Ihnen hier eine kurze Wegbeschreibung, die Sie direkt zu uns f\u00fchrt. Anreise mit dem PKW Die Adresse f\u00fcr Ihr Navigationsger\u00e4t: Baabe, D\u00fcnenweg, keine Hausnummer Von Stralsund aus fahren Sie \u00fcber den R\u00fcgendamm und bleiben auf der B96 bis kurz vor Bergen. Dort biegen Sie nach rechts auf die B196 Richtung Binz, Sellin und G\u00f6hren ab. Sie bleiben bis Baabe auf der B196. Interessant ist auch die Alleenstra\u00dfe \u00fcber Garz und Putbus. Hierzu biegen Sie unmittelbar nach dem R\u00fcgendamm nach rechts ab. [&hellip;]<\/p>\n","protected":false},"author":1,"featured_media":0,"parent":0,"menu_order":0,"comment_status":"closed","ping_status":"closed","template":"","meta":[],"_links":{"self":[{"href":"https:\/\/www.strandhaeuser-scheibner.de\/ferienhaus-ostsee-ruegen-strand\/wp-json\/wp\/v2\/pages\/56"}],"collection":[{"href":"https:\/\/www.strandhaeuser-scheibner.de\/ferienhaus-ostsee-ruegen-strand\/wp-json\/wp\/v2\/pages"}],"about":[{"href":"https:\/\/www.strandhaeuser-scheibner.de\/ferienhaus-ostsee-ruegen-strand\/wp-json\/wp\/v2\/types\/page"}],"author":[{"embeddable":true,"href":"https:\/\/www.strandhaeuser-scheibner.de\/ferienhaus-ostsee-ruegen-strand\/wp-json\/wp\/v2\/users\/1"}],"replies":[{"embeddable":true,"href":"https:\/\/www.strandhaeuser-scheibner.de\/ferienhaus-ostsee-ruegen-strand\/wp-json\/wp\/v2\/comments?post=56"}],"version-history":[{"count":26,"href":"https:\/\/www.strandhaeuser-scheibner.de\/ferienhaus-ostsee-ruegen-strand\/wp-json\/wp\/v2\/pages\/56\/revisions"}],"predecessor-version":[{"id":941,"href":"https:\/\/www.strandhaeuser-scheibner.de\/ferienhaus-ostsee-ruegen-strand\/wp-json\/wp\/v2\/pages\/56\/revisions\/941"}],"wp:attachment":[{"href":"https:\/\/www.strandhaeuser-scheibner.de\/ferienhaus-ostsee-ruegen-strand\/wp-json\/wp\/v2\/media?parent=56"}],"curies":[{"name":"wp","href":"https:\/\/api.w.org\/{rel}","templated":true}]}}