{"id":542,"date":"2017-07-04T13:38:07","date_gmt":"2017-07-04T11:38:07","guid":{"rendered":"http:\/\/wp12645693.server-he.de\/www\/strandhaeuser-scheibner.de\/?page_id=542"},"modified":"2023-05-03T10:41:18","modified_gmt":"2023-05-03T08:41:18","slug":"essen","status":"publish","type":"page","link":"https:\/\/www.strandhaeuser-scheibner.de\/ferienhaus-ostsee-ruegen-strand\/essen\/","title":{"rendered":"Essen"},"content":{"rendered":"<div class=\"largediv\">Besuchen Sie den Fischer am Strand mit seinen fangfrischen R\u00e4ucherwaren oder lassen Sie sich in einem der zahlreichen Restaurants mit r\u00fcgentypischen Produkten verw\u00f6hnen.<\/div>\n<div class=\"linkdiv\">\n<div class=\"wrap\">\n<div class=\"cols\"><img decoding=\"async\" loading=\"lazy\" class=\"media_image alignnone wp-image-812 size-large\" src=\"http:\/\/www.strandhaeuser-scheibner.de\/wp-content\/uploads\/2017\/11\/Zum_Fischer_1060x700-1024x676.jpg\" alt=\"\" width=\"640\" height=\"423\" srcset=\"https:\/\/www.strandhaeuser-scheibner.de\/wp-content\/uploads\/2017\/11\/Zum_Fischer_1060x700-1024x676.jpg 1024w, https:\/\/www.strandhaeuser-scheibner.de\/wp-content\/uploads\/2017\/11\/Zum_Fischer_1060x700-300x198.jpg 300w, https:\/\/www.strandhaeuser-scheibner.de\/wp-content\/uploads\/2017\/11\/Zum_Fischer_1060x700-768x507.jpg 768w, https:\/\/www.strandhaeuser-scheibner.de\/wp-content\/uploads\/2017\/11\/Zum_Fischer_1060x700.jpg 1060w\" sizes=\"(max-width: 640px) 100vw, 640px\" \/><\/p>\n<div class=\"media_body\">\n<h2 class=\"title\">Zum Fischer<\/h2>\n<p>Frischer Fisch, Fischbr\u00f6tchen und Ger\u00e4uchertes.<\/p>\n<\/div>\n<\/div>\n<div class=\"coltext\">Fischrestaurant<\/div>\n<\/div>\n<div class=\"wrap\">\n<div class=\"cols\"><img decoding=\"async\" loading=\"lazy\" class=\"media_image alignnone wp-image-801 size-large\" src=\"http:\/\/www.strandhaeuser-scheibner.de\/wp-content\/uploads\/2017\/11\/Birkenhof_1060x700-1024x676.jpg\" alt=\"\" width=\"640\" height=\"423\" srcset=\"https:\/\/www.strandhaeuser-scheibner.de\/wp-content\/uploads\/2017\/11\/Birkenhof_1060x700-1024x676.jpg 1024w, https:\/\/www.strandhaeuser-scheibner.de\/wp-content\/uploads\/2017\/11\/Birkenhof_1060x700-300x198.jpg 300w, https:\/\/www.strandhaeuser-scheibner.de\/wp-content\/uploads\/2017\/11\/Birkenhof_1060x700-768x507.jpg 768w, https:\/\/www.strandhaeuser-scheibner.de\/wp-content\/uploads\/2017\/11\/Birkenhof_1060x700.jpg 1060w\" sizes=\"(max-width: 640px) 100vw, 640px\" \/><\/p>\n<div class=\"media_body\">\n<h2 class=\"title\">Fisch, Steaks, Pfanne und Grill<\/h2>\n<p>Unser pers\u00f6nlicher Favorit in Baabe<\/p>\n<\/div>\n<\/div>\n<div class=\"coltext\">Restaurant Birkenhof<\/div>\n<\/div>\n<div class=\"wrap\">\n<div class=\"cols\"><img decoding=\"async\" loading=\"lazy\" class=\"media_image alignnone wp-image-803 size-large\" src=\"http:\/\/www.strandhaeuser-scheibner.de\/wp-content\/uploads\/2017\/11\/Cafe_Klatsch_1060x700-1024x676.jpg\" alt=\"\" width=\"640\" height=\"423\" srcset=\"https:\/\/www.strandhaeuser-scheibner.de\/wp-content\/uploads\/2017\/11\/Cafe_Klatsch_1060x700-1024x676.jpg 1024w, https:\/\/www.strandhaeuser-scheibner.de\/wp-content\/uploads\/2017\/11\/Cafe_Klatsch_1060x700-300x198.jpg 300w, https:\/\/www.strandhaeuser-scheibner.de\/wp-content\/uploads\/2017\/11\/Cafe_Klatsch_1060x700-768x507.jpg 768w, https:\/\/www.strandhaeuser-scheibner.de\/wp-content\/uploads\/2017\/11\/Cafe_Klatsch_1060x700.jpg 1060w\" sizes=\"(max-width: 640px) 100vw, 640px\" \/><\/p>\n<div class=\"media_body\">\n<h2 class=\"title\">Kaffee &amp; Kuchen<\/h2>\n<p>Im Cafeklatsch genie\u00dfen.<\/p>\n<\/div>\n<\/div>\n<div class=\"coltext\">Cafe<\/div>\n<\/div>\n<\/div>\n<div class=\"linkdiv\">\n<div class=\"wrap\">\n<div class=\"cols\">\n<p><img decoding=\"async\" loading=\"lazy\" class=\"media_image alignnone wp-image-809 size-large\" src=\"http:\/\/www.strandhaeuser-scheibner.de\/wp-content\/uploads\/2017\/11\/Inselparadies_1060x700-1024x676.jpg\" alt=\"\" width=\"640\" height=\"423\" srcset=\"https:\/\/www.strandhaeuser-scheibner.de\/wp-content\/uploads\/2017\/11\/Inselparadies_1060x700-1024x676.jpg 1024w, https:\/\/www.strandhaeuser-scheibner.de\/wp-content\/uploads\/2017\/11\/Inselparadies_1060x700-300x198.jpg 300w, https:\/\/www.strandhaeuser-scheibner.de\/wp-content\/uploads\/2017\/11\/Inselparadies_1060x700-768x507.jpg 768w, https:\/\/www.strandhaeuser-scheibner.de\/wp-content\/uploads\/2017\/11\/Inselparadies_1060x700.jpg 1060w\" sizes=\"(max-width: 640px) 100vw, 640px\" \/><\/p>\n<div class=\"media_body\">\n<h2 class=\"title\">Pizzeria<\/h2>\n<p>das Restaurant serviert italienische K\u00fcche, Eis und Cocktails verbunden mit einem wundersch\u00f6nen Blick auf die Ostsee<\/p>\n<\/div>\n<\/div>\n<div class=\"coltext\">Inselparadies<\/div>\n<\/div>\n<div class=\"wrap\">\n<div class=\"cols\"><img decoding=\"async\" loading=\"lazy\" class=\"media_image alignnone wp-image-744 size-large\" src=\"http:\/\/www.strandhaeuser-scheibner.de\/wp-content\/uploads\/2017\/07\/casa_atlantis_1060_700-1024x676.jpg\" alt=\"\" width=\"640\" height=\"423\" srcset=\"https:\/\/www.strandhaeuser-scheibner.de\/wp-content\/uploads\/2017\/07\/casa_atlantis_1060_700-1024x676.jpg 1024w, https:\/\/www.strandhaeuser-scheibner.de\/wp-content\/uploads\/2017\/07\/casa_atlantis_1060_700-300x198.jpg 300w, https:\/\/www.strandhaeuser-scheibner.de\/wp-content\/uploads\/2017\/07\/casa_atlantis_1060_700-768x507.jpg 768w, https:\/\/www.strandhaeuser-scheibner.de\/wp-content\/uploads\/2017\/07\/casa_atlantis_1060_700.jpg 1060w\" sizes=\"(max-width: 640px) 100vw, 640px\" \/><\/p>\n<div class=\"media_body\">\n<h2 class=\"title\">Spanisches Restaurant<\/h2>\n<p>Mediterrane K\u00fcche, spanische Tapas aber auch klassische Gerichte<\/p>\n<\/div>\n<\/div>\n<div class=\"coltext\">Casa Atlantis<\/div>\n<\/div>\n<\/div>\n","protected":false},"excerpt":{"rendered":"<p>Besuchen Sie den Fischer am Strand mit seinen fangfrischen R\u00e4ucherwaren oder lassen Sie sich in einem der zahlreichen Restaurants mit r\u00fcgentypischen Produkten verw\u00f6hnen. Zum Fischer Frischer Fisch, Fischbr\u00f6tchen und Ger\u00e4uchertes. Fischrestaurant Fisch, Steaks, Pfanne und Grill Unser pers\u00f6nlicher Favorit in Baabe Restaurant Birkenhof Kaffee &amp; Kuchen Im Cafeklatsch genie\u00dfen. Cafe Pizzeria das Restaurant serviert italienische K\u00fcche, Eis und Cocktails verbunden mit einem wundersch\u00f6nen Blick auf die Ostsee Inselparadies Spanisches Restaurant Mediterrane K\u00fcche, spanische Tapas aber auch klassische Gerichte Casa Atlantis<\/p>\n","protected":false},"author":1,"featured_media":0,"parent":0,"menu_order":0,"comment_status":"closed","ping_status":"closed","template":"","meta":[],"_links":{"self":[{"href":"https:\/\/www.strandhaeuser-scheibner.de\/ferienhaus-ostsee-ruegen-strand\/wp-json\/wp\/v2\/pages\/542"}],"collection":[{"href":"https:\/\/www.strandhaeuser-scheibner.de\/ferienhaus-ostsee-ruegen-strand\/wp-json\/wp\/v2\/pages"}],"about":[{"href":"https:\/\/www.strandhaeuser-scheibner.de\/ferienhaus-ostsee-ruegen-strand\/wp-json\/wp\/v2\/types\/page"}],"author":[{"embeddable":true,"href":"https:\/\/www.strandhaeuser-scheibner.de\/ferienhaus-ostsee-ruegen-strand\/wp-json\/wp\/v2\/users\/1"}],"replies":[{"embeddable":true,"href":"https:\/\/www.strandhaeuser-scheibner.de\/ferienhaus-ostsee-ruegen-strand\/wp-json\/wp\/v2\/comments?post=542"}],"version-history":[{"count":29,"href":"https:\/\/www.strandhaeuser-scheibner.de\/ferienhaus-ostsee-ruegen-strand\/wp-json\/wp\/v2\/pages\/542\/revisions"}],"predecessor-version":[{"id":13989,"href":"https:\/\/www.strandhaeuser-scheibner.de\/ferienhaus-ostsee-ruegen-strand\/wp-json\/wp\/v2\/pages\/542\/revisions\/13989"}],"wp:attachment":[{"href":"https:\/\/www.strandhaeuser-scheibner.de\/ferienhaus-ostsee-ruegen-strand\/wp-json\/wp\/v2\/media?parent=542"}],"curies":[{"name":"wp","href":"https:\/\/api.w.org\/{rel}","templated":true}]}}