{"id":529,"date":"2017-07-04T13:10:30","date_gmt":"2017-07-04T11:10:30","guid":{"rendered":"http:\/\/wp12645693.server-he.de\/www\/strandhaeuser-scheibner.de\/?page_id=529"},"modified":"2023-05-03T10:23:58","modified_gmt":"2023-05-03T08:23:58","slug":"orte","status":"publish","type":"page","link":"https:\/\/www.strandhaeuser-scheibner.de\/ferienhaus-ostsee-ruegen-strand\/orte\/","title":{"rendered":"Orte"},"content":{"rendered":"<div class=\"largediv\">Die Facetten der Ostseelandschaft mit allen Sinnen erleben \u2013 was gibt es Sch\u00f6neres? Lassen Sie sich den Wind um die Nase wehen, tanken Sie Kraft und genie\u00dfen die Ruhe. Erleben Sie Urlaubsfreuden in atemberaubender Naturkulisse.<\/div>\n<div class=\"linkdiv\">\n<div class=\"wrap\">\n<div class=\"cols\"><img decoding=\"async\" loading=\"lazy\" class=\"alignnone size-large wp-image-475 media_image alignnone wp-image-731 size-large\" src=\"http:\/\/www.strandhaeuser-scheibner.de\/wp-content\/uploads\/2017\/07\/Fischerstrand-Baabe_1060_700-1024x676.jpg\" alt=\"\" width=\"640\" height=\"423\" \/><\/p>\n<div class=\"media_body\">\n<h2 class=\"title\">Alles rund um Baabe<\/h2>\n<p>Entdecken sie den Ort und seine Angebote noch vor dem Urlaub.<\/p>\n<\/div>\n<\/div>\n<div class=\"coltext\">Baabe<\/div>\n<\/div>\n<div class=\"wrap\">\n<div class=\"cols\"><img decoding=\"async\" loading=\"lazy\" class=\"alignnone size-large wp-image-475 media_image alignnone wp-image-735 size-large\" src=\"http:\/\/www.strandhaeuser-scheibner.de\/wp-content\/uploads\/2017\/07\/R\u00fcgen_1060_700-1024x676.jpg\" alt=\"\" width=\"640\" height=\"423\" \/><\/p>\n<div class=\"media_body\">\n<h2 class=\"title\">Die Insel<\/h2>\n<p>Besuchen Sie die pulsierenden Ostseeb\u00e4der oder die gro\u00dfen Nationalparks der Insel, weltber\u00fchmte Aussichten an der K\u00fcste, Alleen oder vertr\u00e4umte Fischerd\u00f6rfer.<\/p>\n<\/div>\n<\/div>\n<div class=\"coltext\">R\u00fcgen<\/div>\n<\/div>\n<div class=\"wrap\">\n<div class=\"cols\"><img decoding=\"async\" loading=\"lazy\" class=\"alignnone size-large wp-image-475 media_image alignnone wp-image-732 size-large\" src=\"http:\/\/www.strandhaeuser-scheibner.de\/wp-content\/uploads\/2017\/07\/Kap-Arkona_1060_700-1024x676.jpg\" alt=\"\" width=\"640\" height=\"423\" \/><\/p>\n<div class=\"media_body\">\n<h2 class=\"title\">Folge den Fischern<\/h2>\n<p>Geschichte pur \u2013 dem Leben der Fischer, Seefahrer und K\u00fcstenbewohner auf der Spur<\/p>\n<\/div>\n<\/div>\n<div class=\"coltext\">Kap Arkona<\/div>\n<\/div>\n<\/div>\n<div class=\"linkdiv\">\n<div class=\"wrap\">\n<div class=\"cols\"><img decoding=\"async\" loading=\"lazy\" class=\"alignnone size-large wp-image-475 media_image alignnone wp-image-734 size-large\" src=\"http:\/\/www.strandhaeuser-scheibner.de\/wp-content\/uploads\/2017\/07\/Kreidefelsen_1060_700-1024x676.jpg\" alt=\"\" width=\"640\" height=\"423\" \/><\/p>\n<div class=\"media_body\">\n<h2 class=\"title\">Natur<\/h2>\n<p>Erleben Sie R\u00fcgens Kreidefelsen.<\/p>\n<\/div>\n<\/div>\n<div class=\"coltext\">Kreidefelsen<\/div>\n<\/div>\n<div class=\"wrap\">\n<div class=\"cols\"><img decoding=\"async\" loading=\"lazy\" class=\"alignnone size-large wp-image-475 media_image alignnone wp-image-733 size-large\" src=\"http:\/\/www.strandhaeuser-scheibner.de\/wp-content\/uploads\/2017\/07\/K\u00f6nigsstuhl_1060_700-1024x676.jpg\" alt=\"\" width=\"640\" height=\"423\" \/><\/p>\n<div class=\"media_body\">\n<h2 class=\"title\">Dort wo die K\u00f6nige sa\u00dfen<\/h2>\n<p>Interessiert? Besuchen Sie den K\u00f6nigstuhl und genie\u00dfen Sie einen wundersch\u00f6nen Ausblick auf die Ostsee<\/p>\n<\/div>\n<\/div>\n<div class=\"coltext\">K\u00f6nigsstuhl<\/div>\n<\/div>\n<div class=\"wrap\">\n<div class=\"cols\"><img decoding=\"async\" loading=\"lazy\" class=\"alignnone size-large wp-image-475 media_image alignnone wp-image-730 size-large\" src=\"http:\/\/www.strandhaeuser-scheibner.de\/wp-content\/uploads\/2017\/07\/Binz_2120_1400-1024x676.jpg\" alt=\"\" width=\"640\" height=\"423\" \/><\/p>\n<div class=\"media_body\">\n<h2 class=\"title\">Ostseebad Binz<\/h2>\n<p>Ein wundersch\u00f6ner Ort auf R\u00fcgen<\/p>\n<\/div>\n<\/div>\n<div class=\"coltext\">Binz<\/div>\n<\/div>\n<\/div>\n","protected":false},"excerpt":{"rendered":"<p>Die Facetten der Ostseelandschaft mit allen Sinnen erleben \u2013 was gibt es Sch\u00f6neres? Lassen Sie sich den Wind um die Nase wehen, tanken Sie Kraft und genie\u00dfen die Ruhe. Erleben Sie Urlaubsfreuden in atemberaubender Naturkulisse. Alles rund um Baabe Entdecken sie den Ort und seine Angebote noch vor dem Urlaub. Baabe Die Insel Besuchen Sie die pulsierenden Ostseeb\u00e4der oder die gro\u00dfen Nationalparks der Insel, weltber\u00fchmte Aussichten an der K\u00fcste, Alleen oder vertr\u00e4umte Fischerd\u00f6rfer. R\u00fcgen Folge den Fischern Geschichte pur \u2013 dem Leben der Fischer, Seefahrer und K\u00fcstenbewohner auf der Spur Kap Arkona Natur Erleben Sie R\u00fcgens Kreidefelsen. Kreidefelsen Dort wo die K\u00f6nige sa\u00dfen Interessiert? Besuchen Sie den K\u00f6nigstuhl und genie\u00dfen [&hellip;]<\/p>\n","protected":false},"author":1,"featured_media":0,"parent":0,"menu_order":0,"comment_status":"closed","ping_status":"closed","template":"","meta":[],"_links":{"self":[{"href":"https:\/\/www.strandhaeuser-scheibner.de\/ferienhaus-ostsee-ruegen-strand\/wp-json\/wp\/v2\/pages\/529"}],"collection":[{"href":"https:\/\/www.strandhaeuser-scheibner.de\/ferienhaus-ostsee-ruegen-strand\/wp-json\/wp\/v2\/pages"}],"about":[{"href":"https:\/\/www.strandhaeuser-scheibner.de\/ferienhaus-ostsee-ruegen-strand\/wp-json\/wp\/v2\/types\/page"}],"author":[{"embeddable":true,"href":"https:\/\/www.strandhaeuser-scheibner.de\/ferienhaus-ostsee-ruegen-strand\/wp-json\/wp\/v2\/users\/1"}],"replies":[{"embeddable":true,"href":"https:\/\/www.strandhaeuser-scheibner.de\/ferienhaus-ostsee-ruegen-strand\/wp-json\/wp\/v2\/comments?post=529"}],"version-history":[{"count":24,"href":"https:\/\/www.strandhaeuser-scheibner.de\/ferienhaus-ostsee-ruegen-strand\/wp-json\/wp\/v2\/pages\/529\/revisions"}],"predecessor-version":[{"id":13987,"href":"https:\/\/www.strandhaeuser-scheibner.de\/ferienhaus-ostsee-ruegen-strand\/wp-json\/wp\/v2\/pages\/529\/revisions\/13987"}],"wp:attachment":[{"href":"https:\/\/www.strandhaeuser-scheibner.de\/ferienhaus-ostsee-ruegen-strand\/wp-json\/wp\/v2\/media?parent=529"}],"curies":[{"name":"wp","href":"https:\/\/api.w.org\/{rel}","templated":true}]}}