{"id":124,"date":"2017-04-28T14:14:35","date_gmt":"2017-04-28T12:14:35","guid":{"rendered":"http:\/\/wp12645693.server-he.de\/www\/strandhaeuser-scheibner.de\/?page_id=124"},"modified":"2017-07-14T06:45:03","modified_gmt":"2017-07-14T04:45:03","slug":"impressum","status":"publish","type":"page","link":"https:\/\/www.strandhaeuser-scheibner.de\/ferienhaus-ostsee-ruegen-strand\/impressum\/","title":{"rendered":"Impressum"},"content":{"rendered":"<div class=\"largediv\"><strong>Firmenname:<\/strong> Strandh\u00e4user Scheibner<br \/>\n<strong>Inhaber:<\/strong> Heiko Scheibner<br \/>\n<strong>Anschrift:<\/strong> Schulgasse 1<br \/>\n<strong>PLZ\/Ort:<\/strong> 01619 Zeithain<br \/>\n<strong>Tel:<\/strong> +49 3525 763075<br \/>\n<strong>Fax:<\/strong> +49 3525 763075<\/p>\n<p>Haftungshinweis: Trotz sorgf\u00e4ltiger inhaltlicher Kontrolle \u00fcbernehmen wir keine Haftung f\u00fcr die Inhalte externer Links. F\u00fcr den Inhalt der verlinkten Seiten sind ausschlie\u00dflich deren Betreiber verantwortlich.<\/p>\n<p>Alle auf dieser Website zitierten Warenzeichen, Produkt- und Firmennamen bzw. Logos sind das Alleineigentum der jeweiligen Besitzer.<\/p>\n<\/div>\n","protected":false},"excerpt":{"rendered":"<p>Firmenname: Strandh\u00e4user Scheibner Inhaber: Heiko Scheibner Anschrift: Schulgasse 1 PLZ\/Ort: 01619 Zeithain Tel: +49 3525 763075 Fax: +49 3525 763075 Haftungshinweis: Trotz sorgf\u00e4ltiger inhaltlicher Kontrolle \u00fcbernehmen wir keine Haftung f\u00fcr die Inhalte externer Links. F\u00fcr den Inhalt der verlinkten Seiten sind ausschlie\u00dflich deren Betreiber verantwortlich. Alle auf dieser Website zitierten Warenzeichen, Produkt- und Firmennamen bzw. Logos sind das Alleineigentum der jeweiligen Besitzer.<\/p>\n","protected":false},"author":1,"featured_media":0,"parent":0,"menu_order":0,"comment_status":"closed","ping_status":"closed","template":"","meta":[],"_links":{"self":[{"href":"https:\/\/www.strandhaeuser-scheibner.de\/ferienhaus-ostsee-ruegen-strand\/wp-json\/wp\/v2\/pages\/124"}],"collection":[{"href":"https:\/\/www.strandhaeuser-scheibner.de\/ferienhaus-ostsee-ruegen-strand\/wp-json\/wp\/v2\/pages"}],"about":[{"href":"https:\/\/www.strandhaeuser-scheibner.de\/ferienhaus-ostsee-ruegen-strand\/wp-json\/wp\/v2\/types\/page"}],"author":[{"embeddable":true,"href":"https:\/\/www.strandhaeuser-scheibner.de\/ferienhaus-ostsee-ruegen-strand\/wp-json\/wp\/v2\/users\/1"}],"replies":[{"embeddable":true,"href":"https:\/\/www.strandhaeuser-scheibner.de\/ferienhaus-ostsee-ruegen-strand\/wp-json\/wp\/v2\/comments?post=124"}],"version-history":[{"count":7,"href":"https:\/\/www.strandhaeuser-scheibner.de\/ferienhaus-ostsee-ruegen-strand\/wp-json\/wp\/v2\/pages\/124\/revisions"}],"predecessor-version":[{"id":641,"href":"https:\/\/www.strandhaeuser-scheibner.de\/ferienhaus-ostsee-ruegen-strand\/wp-json\/wp\/v2\/pages\/124\/revisions\/641"}],"wp:attachment":[{"href":"https:\/\/www.strandhaeuser-scheibner.de\/ferienhaus-ostsee-ruegen-strand\/wp-json\/wp\/v2\/media?parent=124"}],"curies":[{"name":"wp","href":"https:\/\/api.w.org\/{rel}","templated":true}]}}