{"id":88,"date":"2017-04-28T08:59:25","date_gmt":"2017-04-28T06:59:25","guid":{"rendered":"http:\/\/wp12645693.server-he.de\/www\/strandhaeuser-scheibner.de\/?page_id=88"},"modified":"2026-02-17T11:35:20","modified_gmt":"2026-02-17T10:35:20","slug":"unsere-haeuser","status":"publish","type":"page","link":"http:\/\/www.strandhaeuser-scheibner.de\/ferienhaus-ostsee-ruegen-strand\/unsere-haeuser\/","title":{"rendered":"Unsere H\u00e4user"},"content":{"rendered":"<div class=\"largediv\"><style type=\"text\/css\">.foogallery-album-gallery-list .foogallery-pile h3 { background: rgb(255, 255, 255) !important; }.foogallery-album-gallery-list .foogallery-pile h3 { color: rgb(0, 0, 0) !important; }<\/style><div id=\"foogallery-album-297\">\r\n\t<ul class=\"foogallery-album-gallery-list alignment-left\">\r\n\t\t\t\t\t\t<li>\r\n\t\t\t\t\t<div class=\"foogallery-pile\">\r\n\t\t\t\t\t\t<div class=\"foogallery-pile-inner\">\r\n\t\t\t\t\t\t\t<a href=\"http:\/\/www.strandhaeuser-scheibner.de\/ferienhaus-ostsee-ruegen-strand\/unsere-haeuser\/gallery\/haeuser\" target=\"_self\">\r\n\t\t\t\t\t\t\t\t<img  src=\"http:\/\/www.strandhaeuser-scheibner.de\/wp-content\/uploads\/cache\/2017\/11\/haus_rot_terrasse_3\/2202571397.jpg\" width=\"250\" height=\"250\" class=\"skip-lazy\" \/>\t\t\t\t\t\t\t\t\t\t\t\t\t\t\t\t<h3>H\u00e4user\t\t\t\t\t\t\t\t\t<span>10 Bilder<\/span>\r\n\t\t\t\t\t\t\t\t<\/h3>\r\n\t\t\t\t\t\t\t<\/a>\r\n\t\t\t\t\t\t<\/div>\r\n\t\t\t\t\t<\/div>\r\n\t\t\t\t<\/li>\r\n\t\t\t\t\t\t<\/ul>\r\n\t<div style=\"clear: both;\"><\/div>\r\n<\/div>\r\n<style type=\"text\/css\">.foogallery-album-gallery-list .foogallery-pile h3 { background: #fff !important; }.foogallery-album-gallery-list .foogallery-pile h3 { color: #000000 !important; }<\/style><div id=\"foogallery-album-433\">\r\n\t<ul class=\"foogallery-album-gallery-list alignment-left\">\r\n\t\t\t\t\t\t<li>\r\n\t\t\t\t\t<div class=\"foogallery-pile\">\r\n\t\t\t\t\t\t<div class=\"foogallery-pile-inner\">\r\n\t\t\t\t\t\t\t<a href=\"http:\/\/www.strandhaeuser-scheibner.de\/ferienhaus-ostsee-ruegen-strand\/unsere-haeuser\/gallery\/413\" target=\"_self\">\r\n\t\t\t\t\t\t\t\t<img  src=\"http:\/\/www.strandhaeuser-scheibner.de\/wp-content\/uploads\/cache\/2017\/12\/Couchblick\/1652536550.jpg\" width=\"250\" height=\"250\" class=\"skip-lazy\" \/>\t\t\t\t\t\t\t\t\t\t\t\t\t\t\t\t<h3>Innenansicht - Erdgeschoss\t\t\t\t\t\t\t\t\t<span>20 Bilder<\/span>\r\n\t\t\t\t\t\t\t\t<\/h3>\r\n\t\t\t\t\t\t\t<\/a>\r\n\t\t\t\t\t\t<\/div>\r\n\t\t\t\t\t<\/div>\r\n\t\t\t\t<\/li>\r\n\t\t\t\t\t\t<\/ul>\r\n\t<div style=\"clear: both;\"><\/div>\r\n<\/div>\r\n<style type=\"text\/css\">.foogallery-album-gallery-list .foogallery-pile h3 { background: #fff !important; }.foogallery-album-gallery-list .foogallery-pile h3 { color: #000000 !important; }<\/style><div id=\"foogallery-album-493\">\r\n\t<ul class=\"foogallery-album-gallery-list alignment-left\">\r\n\t\t\t\t\t\t<li>\r\n\t\t\t\t\t<div class=\"foogallery-pile\">\r\n\t\t\t\t\t\t<div class=\"foogallery-pile-inner\">\r\n\t\t\t\t\t\t\t<a href=\"http:\/\/www.strandhaeuser-scheibner.de\/ferienhaus-ostsee-ruegen-strand\/unsere-haeuser\/gallery\/innenansicht-obergeschoss\" target=\"_self\">\r\n\t\t\t\t\t\t\t\t<img  src=\"http:\/\/www.strandhaeuser-scheibner.de\/wp-content\/uploads\/cache\/2017\/12\/2tes_Schlafzimmer\/11343449.jpg\" width=\"250\" height=\"250\" class=\"skip-lazy\" \/>\t\t\t\t\t\t\t\t\t\t\t\t\t\t\t\t<h3>Innenansicht - Obergeschoss\t\t\t\t\t\t\t\t\t<span>6 Bilder<\/span>\r\n\t\t\t\t\t\t\t\t<\/h3>\r\n\t\t\t\t\t\t\t<\/a>\r\n\t\t\t\t\t\t<\/div>\r\n\t\t\t\t\t<\/div>\r\n\t\t\t\t<\/li>\r\n\t\t\t\t\t\t<\/ul>\r\n\t<div style=\"clear: both;\"><\/div>\r\n<\/div>\r\n<style type=\"text\/css\">.foogallery-album-gallery-list .foogallery-pile h3 { background: #fff !important; }.foogallery-album-gallery-list .foogallery-pile h3 { color: #000000 !important; }<\/style><div id=\"foogallery-album-302\">\r\n\t<ul class=\"foogallery-album-gallery-list alignment-left\">\r\n\t\t\t\t\t\t<li>\r\n\t\t\t\t\t<div class=\"foogallery-pile\">\r\n\t\t\t\t\t\t<div class=\"foogallery-pile-inner\">\r\n\t\t\t\t\t\t\t<a href=\"http:\/\/www.strandhaeuser-scheibner.de\/ferienhaus-ostsee-ruegen-strand\/unsere-haeuser\/gallery\/umgebung\" target=\"_self\">\r\n\t\t\t\t\t\t\t\t<img  src=\"http:\/\/www.strandhaeuser-scheibner.de\/wp-content\/uploads\/cache\/2017\/12\/Strand_2\/2317273885.jpg\" width=\"250\" height=\"250\" class=\"skip-lazy\" \/>\t\t\t\t\t\t\t\t\t\t\t\t\t\t\t\t<h3>Umgebung\t\t\t\t\t\t\t\t\t<span>18 Bilder<\/span>\r\n\t\t\t\t\t\t\t\t<\/h3>\r\n\t\t\t\t\t\t\t<\/a>\r\n\t\t\t\t\t\t<\/div>\r\n\t\t\t\t\t<\/div>\r\n\t\t\t\t<\/li>\r\n\t\t\t\t\t\t<\/ul>\r\n\t<div style=\"clear: both;\"><\/div>\r\n<\/div>\r\n<style type=\"text\/css\">.foogallery-album-gallery-list .foogallery-pile h3 { background: #fff !important; }.foogallery-album-gallery-list .foogallery-pile h3 { color: #000000 !important; }<\/style><div id=\"foogallery-album-483\">\r\n\t<ul class=\"foogallery-album-gallery-list alignment-left\">\r\n\t\t\t\t\t\t<li>\r\n\t\t\t\t\t<div class=\"foogallery-pile\">\r\n\t\t\t\t\t\t<div class=\"foogallery-pile-inner\">\r\n\t\t\t\t\t\t\t<a href=\"http:\/\/www.strandhaeuser-scheibner.de\/ferienhaus-ostsee-ruegen-strand\/unsere-haeuser\/gallery\/grundriss\" target=\"_self\">\r\n\t\t\t\t\t\t\t\t<img  src=\"http:\/\/www.strandhaeuser-scheibner.de\/wp-content\/uploads\/cache\/2017\/06\/Grundriss_Erdgeschoss-1\/245911806.jpg\" width=\"250\" height=\"250\" class=\"skip-lazy\" \/>\t\t\t\t\t\t\t\t\t\t\t\t\t\t\t\t<h3>Grundriss\t\t\t\t\t\t\t\t\t<span>2 Bilder<\/span>\r\n\t\t\t\t\t\t\t\t<\/h3>\r\n\t\t\t\t\t\t\t<\/a>\r\n\t\t\t\t\t\t<\/div>\r\n\t\t\t\t\t<\/div>\r\n\t\t\t\t<\/li>\r\n\t\t\t\t\t\t<\/ul>\r\n\t<div style=\"clear: both;\"><\/div>\r\n<\/div>\r\n<\/div>\n<div class=\"clear\"><\/div>\n<div class=\"leftdiv\">\n<h1 class=\"mainh\">Information<\/h1>\n<p>Unsere Ferienh\u00e4user in skandinavischem Stil wurden mit viel Liebe zum Detail gebaut und bieten reichlich Platz f\u00fcr eine gro\u00dfe Familie. Die H\u00e4user liegen in einer neu erbauten Ferienhausanlage. Bis zum feinsandigen Ostseestrand sind es nur ein paar Schritte. Es erwartet Sie eine traumhafte Kulisse von Wald, D\u00fcne, Strand und Meer.<\/p>\n<p>Der Mittelpunkt des Ferienhauses ist der gem\u00fctliche Ess- und Wohnbereich. Die Einrichtung besteht aus handgefertigten Holzm\u00f6beln in friesischem Landhausstil. Die K\u00fcche ist mit Backofen, Glaskeramikkochfeld, K\u00fchlschrank, Geschirrsp\u00fcler, Kaffeemaschine, Toaster und Wasserkocher ausgestattet. An dem langen Esstisch k\u00f6nnen alle Ferieng\u00e4ste gemeinsam speisen. Der Raum ist zudem mit einem sch\u00f6nen Sitzbereich eingerichtet. Dort kann man nach den Erlebnissen des Tages bei einem guten Buch oder einem Film entspannen<\/p>\n<p>Das Ferienhaus verf\u00fcgt \u00fcber eine Fu\u00dfbodenheizung, Kaminofen und Sauna und ist f\u00fcr die Wintermonate oder die \u00dcbergangszeit bestens geeignet.<\/p>\n<p>Das ger\u00e4umige Bad mit Sauna, WC, Dusche und Waschbecken befindet sich im Erdgescho\u00df. Die 3 Schlafzimmer und das WC befinden sich in der 2.Etage.<\/p>\n<p>Zu der &nbsp;sch\u00f6nen und \u00fcberdachten Terrasse aus Teakholz mit Sitzm\u00f6beln aus Korbgeflecht und Grill gelangen Sie bequem vom Erdgescho\u00df.<\/p>\n<\/div>\n<div class=\"rightdiv\">\n<h1 class=\"mainh\">Ausstattung<\/h1>\n<div id=\"wrap\">\n<ul class=\"accordion\">\n<li id=\"six\"><a href=\"#one\">Haus<\/a>\n<ul class=\"sub-menu-2\">\n<li>\u00fcberdachte Terasse<\/li>\n<li>bequeme Terassenst\u00fchle im Bambuslook mit Holztisch<\/li>\n<li>Kinderschutz an allen Steckdosen<\/li>\n<li>Rauchmelder und Feuerl\u00f6scher<\/li>\n<\/ul>\n<\/li>\n<li id=\"six\"><a href=\"#two\">Wohnraum<\/a>\n<ul class=\"sub-menu-2\">\n<li>gro\u00dfe Couch zum Chillen<\/li>\n<li>Kaminofen f\u00fcr romantische Abende<\/li>\n<li>Couchtisch mit Sessel<\/li>\n<li>Fu\u00dfbodenheizung<\/li>\n<li>Panasonic LEDTV 42&#8243;<\/li>\n<li>Panasonic DVD Player<\/li>\n<\/ul>\n<\/li>\n<li id=\"one\"><a href=\"#three\">K\u00fcche<\/a>\n<ul class=\"sub-menu-2\">\n<li>Landhausk\u00fcche<\/li>\n<li>Geschirrsp\u00fcler<\/li>\n<li>K\u00fchlschrank 118 Liter mit 3 Sterne Gefrierfach 17 Liter<\/li>\n<li>Cerankochfeld mit 4 Kochfeldern und Abzugshaube<\/li>\n<li>Umluft-Backofen<\/li>\n<li>Wasserkocher 1 Liter<\/li>\n<li>Toaster<\/li>\n<li>Filter Kaffeemaschine<\/li>\n<li>gro\u00dfer Esstisch f\u00fcr 6 Personen<\/li>\n<\/ul>\n<\/li>\n<li id=\"two\"><a href=\"#four\">Badezimmer<\/a>\n<ul class=\"sub-menu-2\">\n<li>Dusche<\/li>\n<li>Waschbecken<\/li>\n<li>Fussbodenheizung<\/li>\n<li>Sauna<\/li>\n<\/ul>\n<\/li>\n<li id=\"six\"><a href=\"#five\">Abstellraum<\/a>\n<ul class=\"sub-menu-2\">\n<li>Waschmaschine<\/li>\n<li>Grill, Staubsauger, W\u00e4schest\u00e4nder, Besen,Wischeimer,<\/li>\n<li>Kinderstuhl<\/li>\n<\/ul>\n<\/li>\n<li id=\"three\"><a href=\"#six\">Schlafzimmer<\/a>\n<ul class=\"sub-menu-2\">\n<li>2 Schlafzimmer mit je 1 Doppelbett<\/li>\n<li>1 Schlafzimmer mit je 2 Einzelbetten<\/li>\n<li>Premium Boxspringbetten Ma\u00dfe: 80&#215;200 cm<\/li>\n<li>Bonnell Federkern Matrazen 22cm stark mit 183 Edelstahlfedern pro m\u00b2<\/li>\n<li>Matrazen-H\u00e4rtegrad 3, mittel-fest<\/li>\n<li>Kissen Moonlight 80x80cm, 900g<\/li>\n<li>Microfaserdecke Moonlight, 135x200cm, 1000g<\/li>\n<li>Nachttisch an jedem Bett mit dimmbarer Leselampe<\/li>\n<li>Fenster mit Plissee-Faltstore verdunkelbar<\/li>\n<li>Fliegenschutzfenster<\/li>\n<\/ul>\n<\/li>\n<li id=\"six\"><a href=\"#seven\">WC<\/a>\n<ul class=\"sub-menu-2\">\n<li>WC und Waschbecken im Obergeschoss<\/li>\n<li>kleiner Abstellraum hinter dem WC<\/li>\n<\/ul>\n<\/li>\n<li id=\"four\"><a href=\"#eight\">Unterhaltung<\/a>\n<ul class=\"sub-menu-2\">\n<li>kostenfreier Internetzugang per WLAN<\/li>\n<li>Grundig Flachbildfernseher 26&#8243; mit SAT-Anschluss<\/li>\n<li>Digitalradio \u00fcber TV<\/li>\n<li>Grundig DVD-Player<\/li>\n<\/ul>\n<\/li>\n<li id=\"five\"><a href=\"#nine\">Umgebung<\/a>\n<ul class=\"sub-menu-2\">\n<li>mehrere Kinderspielpl\u00e4tze<\/li>\n<li>Caf\u00e9s und Restaurants<\/li>\n<li>Sandstrand wenige Schritte entfernt<\/li>\n<\/ul>\n<\/li>\n<li id=\"six\"><a href=\"#ten\">Wassersport<\/a>\n<ul class=\"sub-menu-2\">\n<li>Surf und Segelschule Baabe mit Verleih<\/li>\n<li>Kiteschule Casa Atlantis mit Verleih<\/li>\n<\/ul>\n<\/li>\n<li id=\"six\"><a href=\"#eleven\">Sport<\/a>\n<ul class=\"sub-menu-2\">\n<li>Skatepark<\/li>\n<li>Beachvolleyball<\/li>\n<li>Nordic Walking Park<\/li>\n<li>Fahrradverleih<\/li>\n<\/ul>\n<\/li>\n<li id=\"six\"><a href=\"#twelve\">Einkaufen<\/a>\n<ul class=\"sub-menu-2\">\n<li>ALDI in Baabe<\/li>\n<li>LIDL in Baabe<\/li>\n<li>Netto in Baabe<\/li>\n<li>Nah und Frisch in Baabe<\/li>\n<li>Edeka in Sellin<\/li>\n<\/ul>\n<\/li>\n<li id=\"six\"><a href=\"#thirteen\">Tiere<\/a>\n<ul class=\"sub-menu-2\">\n<li>im Sommer ausgewiesene Hundestr\u00e4nde<\/li>\n<\/ul>\n<\/li>\n<\/ul>\n<\/div>\n<\/div>\n<div class=\"clear\"><\/div>\n","protected":false},"excerpt":{"rendered":"<p>Information Unsere Ferienh\u00e4user in skandinavischem Stil wurden mit viel Liebe zum Detail gebaut und bieten reichlich Platz f\u00fcr eine gro\u00dfe Familie. Die H\u00e4user liegen in einer neu erbauten Ferienhausanlage. Bis zum feinsandigen Ostseestrand sind es nur ein paar Schritte. Es erwartet Sie eine traumhafte Kulisse von Wald, D\u00fcne, Strand und Meer. Der Mittelpunkt des Ferienhauses ist der gem\u00fctliche Ess- und Wohnbereich. Die Einrichtung besteht aus handgefertigten Holzm\u00f6beln in friesischem Landhausstil. Die K\u00fcche ist mit Backofen, Glaskeramikkochfeld, K\u00fchlschrank, Geschirrsp\u00fcler, Kaffeemaschine, Toaster und Wasserkocher ausgestattet. An dem langen Esstisch k\u00f6nnen alle Ferieng\u00e4ste gemeinsam speisen. Der Raum ist zudem mit einem sch\u00f6nen Sitzbereich eingerichtet. Dort kann man nach den Erlebnissen des Tages bei [&hellip;]<\/p>\n","protected":false},"author":1,"featured_media":0,"parent":0,"menu_order":0,"comment_status":"closed","ping_status":"closed","template":"","meta":[],"_links":{"self":[{"href":"http:\/\/www.strandhaeuser-scheibner.de\/ferienhaus-ostsee-ruegen-strand\/wp-json\/wp\/v2\/pages\/88"}],"collection":[{"href":"http:\/\/www.strandhaeuser-scheibner.de\/ferienhaus-ostsee-ruegen-strand\/wp-json\/wp\/v2\/pages"}],"about":[{"href":"http:\/\/www.strandhaeuser-scheibner.de\/ferienhaus-ostsee-ruegen-strand\/wp-json\/wp\/v2\/types\/page"}],"author":[{"embeddable":true,"href":"http:\/\/www.strandhaeuser-scheibner.de\/ferienhaus-ostsee-ruegen-strand\/wp-json\/wp\/v2\/users\/1"}],"replies":[{"embeddable":true,"href":"http:\/\/www.strandhaeuser-scheibner.de\/ferienhaus-ostsee-ruegen-strand\/wp-json\/wp\/v2\/comments?post=88"}],"version-history":[{"count":126,"href":"http:\/\/www.strandhaeuser-scheibner.de\/ferienhaus-ostsee-ruegen-strand\/wp-json\/wp\/v2\/pages\/88\/revisions"}],"predecessor-version":[{"id":21512,"href":"http:\/\/www.strandhaeuser-scheibner.de\/ferienhaus-ostsee-ruegen-strand\/wp-json\/wp\/v2\/pages\/88\/revisions\/21512"}],"wp:attachment":[{"href":"http:\/\/www.strandhaeuser-scheibner.de\/ferienhaus-ostsee-ruegen-strand\/wp-json\/wp\/v2\/media?parent=88"}],"curies":[{"name":"wp","href":"https:\/\/api.w.org\/{rel}","templated":true}]}}